{"id":400,"date":"2022-08-03T12:43:25","date_gmt":"2022-08-03T10:43:25","guid":{"rendered":"https:\/\/karlossimon.com\/?page_id=400"},"modified":"2024-05-31T10:19:02","modified_gmt":"2024-05-31T08:19:02","slug":"tiburones","status":"publish","type":"page","link":"https:\/\/karlossimon.com\/en\/tiburones\/","title":{"rendered":"Sharks expert"},"content":{"rendered":"<div data-elementor-type=\"wp-page\" data-elementor-id=\"400\" class=\"elementor elementor-400\" data-elementor-post-type=\"page\">\n\t\t\t\t\t\t<section data-particle_enable=\"false\" data-particle-mobile-disabled=\"false\" data-exad-particle-enable=\"false\" class=\"elementor-section elementor-top-section elementor-element elementor-element-e3e3be8 elementor-section-height-min-height elementor-section-boxed elementor-section-height-default elementor-section-items-middle exad-parallax-effect-no exad-background-color-change-no exad-glass-effect-no exad-sticky-section-no\" data-id=\"e3e3be8\" data-element_type=\"section\" data-e-type=\"section\" data-settings=\"{&quot;background_background&quot;:&quot;classic&quot;}\">\n\t\t\t\t\t\t<div class=\"elementor-container elementor-column-gap-default\">\n\t\t\t\t\t<div class=\"elementor-column elementor-col-100 elementor-top-column elementor-element elementor-element-20f8cc3 exad-glass-effect-no exad-sticky-section-no\" data-id=\"20f8cc3\" data-element_type=\"column\" data-e-type=\"column\" data-settings=\"{&quot;background_background&quot;:&quot;classic&quot;}\">\n\t\t\t<div class=\"elementor-widget-wrap elementor-element-populated\">\n\t\t\t\t\t<div class=\"elementor-background-overlay\"><\/div>\n\t\t\t\t\t\t<div class=\"elementor-element elementor-element-14976ba elementor-hidden-mobile exad-sticky-section-no exad-glass-effect-no elementor-widget elementor-widget-heading\" data-id=\"14976ba\" data-element_type=\"widget\" data-e-type=\"widget\" data-widget_type=\"heading.default\">\n\t\t\t\t<div class=\"elementor-widget-container\">\n\t\t\t\t\t<h1 class=\"elementor-heading-title elementor-size-xxl\">SHARK EXPERT<\/h1>\t\t\t\t<\/div>\n\t\t\t\t<\/div>\n\t\t\t\t<div class=\"elementor-element elementor-element-2a3387c elementor-hidden-desktop elementor-hidden-tablet exad-sticky-section-no exad-glass-effect-no elementor-widget elementor-widget-heading\" data-id=\"2a3387c\" data-element_type=\"widget\" data-e-type=\"widget\" data-widget_type=\"heading.default\">\n\t\t\t\t<div class=\"elementor-widget-container\">\n\t\t\t\t\t<h2 class=\"elementor-heading-title elementor-size-xl\">SHARK EXPERT<\/h2>\t\t\t\t<\/div>\n\t\t\t\t<\/div>\n\t\t\t\t\t<\/div>\n\t\t<\/div>\n\t\t\t\t\t<\/div>\n\t\t<\/section>\n\t\t\t\t<section data-particle_enable=\"false\" data-particle-mobile-disabled=\"false\" data-exad-particle-enable=\"false\" class=\"elementor-section elementor-top-section elementor-element elementor-element-7ea6d84 elementor-section-boxed elementor-section-height-default elementor-section-height-default exad-parallax-effect-no exad-background-color-change-no exad-glass-effect-no exad-sticky-section-no\" data-id=\"7ea6d84\" data-element_type=\"section\" data-e-type=\"section\">\n\t\t\t\t\t\t<div class=\"elementor-container elementor-column-gap-default\">\n\t\t\t\t\t<div class=\"elementor-column elementor-col-100 elementor-top-column elementor-element elementor-element-285f2c3 exad-glass-effect-no exad-sticky-section-no\" data-id=\"285f2c3\" data-element_type=\"column\" data-e-type=\"column\">\n\t\t\t<div class=\"elementor-widget-wrap elementor-element-populated\">\n\t\t\t\t\t\t<div class=\"elementor-element elementor-element-1201a94 exad-sticky-section-no exad-glass-effect-no elementor-widget elementor-widget-spacer\" data-id=\"1201a94\" data-element_type=\"widget\" data-e-type=\"widget\" data-widget_type=\"spacer.default\">\n\t\t\t\t<div class=\"elementor-widget-container\">\n\t\t\t\t\t\t\t<div class=\"elementor-spacer\">\n\t\t\t<div class=\"elementor-spacer-inner\"><\/div>\n\t\t<\/div>\n\t\t\t\t\t\t<\/div>\n\t\t\t\t<\/div>\n\t\t\t\t<div class=\"elementor-element elementor-element-b8e10bd exad-sticky-section-no exad-glass-effect-no elementor-widget elementor-widget-text-editor\" data-id=\"b8e10bd\" data-element_type=\"widget\" data-e-type=\"widget\" data-widget_type=\"text-editor.default\">\n\t\t\t\t<div class=\"elementor-widget-container\">\n\t\t\t\t\t\t\t\t\t<p style=\"text-align: center;\">Desde mi primera inmersi\u00f3n en 1988 llevo buceando con escualos. Mi conocimiento como experto en tiburones est\u00e1 a tu disposici\u00f3n para que aprendas a bucear con ellos, conozcas el mundo en el que viven y sepas c\u00f3mo protegerlos.<\/p>\t\t\t\t\t\t\t\t<\/div>\n\t\t\t\t<\/div>\n\t\t\t\t<div class=\"elementor-element elementor-element-b7bd072 elementor-widget-divider--view-line exad-sticky-section-no exad-glass-effect-no elementor-widget elementor-widget-divider\" data-id=\"b7bd072\" data-element_type=\"widget\" data-e-type=\"widget\" data-widget_type=\"divider.default\">\n\t\t\t\t<div class=\"elementor-widget-container\">\n\t\t\t\t\t\t\t<div class=\"elementor-divider\">\n\t\t\t<span class=\"elementor-divider-separator\">\n\t\t\t\t\t\t<\/span>\n\t\t<\/div>\n\t\t\t\t\t\t<\/div>\n\t\t\t\t<\/div>\n\t\t\t\t<div class=\"elementor-element elementor-element-8bd39c2 exad-sticky-section-no exad-glass-effect-no elementor-widget elementor-widget-text-editor\" data-id=\"8bd39c2\" data-element_type=\"widget\" data-e-type=\"widget\" data-widget_type=\"text-editor.default\">\n\t\t\t\t<div class=\"elementor-widget-container\">\n\t\t\t\t\t\t\t\t\t<p style=\"text-align: center;\">In the more than 200 trips that I have made around the world, I have had the opportunity to get to know the world of sharks up close, learning in each dive about their behavior and the environmental situation in which they find themselves. Thanks to this, I have been able to give numerous seminars, talks, courses and conferences on its biology and ethology.<\/p>\t\t\t\t\t\t\t\t<\/div>\n\t\t\t\t<\/div>\n\t\t\t\t<div class=\"elementor-element elementor-element-fb4f24f exad-sticky-section-no exad-glass-effect-no elementor-widget elementor-widget-image\" data-id=\"fb4f24f\" data-element_type=\"widget\" data-e-type=\"widget\" data-widget_type=\"image.default\">\n\t\t\t\t<div class=\"elementor-widget-container\">\n\t\t\t\t\t\t\t\t\t\t\t\t\t\t\t<img fetchpriority=\"high\" decoding=\"async\" width=\"1000\" height=\"420\" src=\"https:\/\/karlossimon.com\/wp-content\/uploads\/2022\/10\/349A1517-scaled-e1692380738247.jpg\" class=\"attachment-full size-full wp-image-5040\" alt=\"experto en tiburones\" srcset=\"https:\/\/karlossimon.com\/wp-content\/uploads\/2022\/10\/349A1517-scaled-e1692380738247.jpg 1000w, https:\/\/karlossimon.com\/wp-content\/uploads\/2022\/10\/349A1517-scaled-e1692380738247-300x126.jpg 300w, https:\/\/karlossimon.com\/wp-content\/uploads\/2022\/10\/349A1517-scaled-e1692380738247-768x323.jpg 768w, https:\/\/karlossimon.com\/wp-content\/uploads\/2022\/10\/349A1517-scaled-e1692380738247-600x252.jpg 600w, https:\/\/karlossimon.com\/wp-content\/uploads\/2022\/10\/349A1517-scaled-e1692380738247-18x8.jpg 18w\" sizes=\"(max-width: 1000px) 100vw, 1000px\" \/>\t\t\t\t\t\t\t\t\t\t\t\t\t\t\t<\/div>\n\t\t\t\t<\/div>\n\t\t\t\t<div class=\"elementor-element elementor-element-f5da8c7 exad-sticky-section-no exad-glass-effect-no elementor-widget elementor-widget-text-editor\" data-id=\"f5da8c7\" data-element_type=\"widget\" data-e-type=\"widget\" data-widget_type=\"text-editor.default\">\n\t\t\t\t<div class=\"elementor-widget-container\">\n\t\t\t\t\t\t\t\t\t<p class=\"p1 translation-block\">Experiences like the one I had in the Bahamas in 2011 when I spent 12 hours without getting out of the water surrounded by sharks, to show that no matter how long you dive and stay with them, nothing happens or, among others, my investigations into tonic immobility techniques with tiger sharks, they have made me learn a lot about sharks.<\/p><p>I offer you my 32 years of experience diving with more than 40 different species of sharks so that with my trips, my courses and my conferences you learn how to dive with them safely, join their protection and in general, know more about them.<\/p><p class=\"translation-block\">In the professional side, as an expert shark diver, I can act as a safety diver during audiovisual productions with sharks or even if you have a dive center or liveaboard, I can carry out protocols and safety procedures for diving with sharks. as I did in December 2018 on the ships of the Aggressor fleet in Cocos Island.<\/p>\t\t\t\t\t\t\t\t<\/div>\n\t\t\t\t<\/div>\n\t\t\t\t<div class=\"elementor-element elementor-element-84fafb9 exad-sticky-section-no exad-glass-effect-no elementor-widget elementor-widget-image\" data-id=\"84fafb9\" data-element_type=\"widget\" data-e-type=\"widget\" data-widget_type=\"image.default\">\n\t\t\t\t<div class=\"elementor-widget-container\">\n\t\t\t\t\t\t\t\t\t\t\t\t\t\t\t<img decoding=\"async\" width=\"1000\" height=\"420\" src=\"https:\/\/karlossimon.com\/wp-content\/uploads\/2022\/10\/349A1822-scaled-e1692380765301.jpg\" class=\"attachment-full size-full wp-image-5041\" alt=\"experto en tiburones\" srcset=\"https:\/\/karlossimon.com\/wp-content\/uploads\/2022\/10\/349A1822-scaled-e1692380765301.jpg 1000w, https:\/\/karlossimon.com\/wp-content\/uploads\/2022\/10\/349A1822-scaled-e1692380765301-300x126.jpg 300w, https:\/\/karlossimon.com\/wp-content\/uploads\/2022\/10\/349A1822-scaled-e1692380765301-768x323.jpg 768w, https:\/\/karlossimon.com\/wp-content\/uploads\/2022\/10\/349A1822-scaled-e1692380765301-600x252.jpg 600w, https:\/\/karlossimon.com\/wp-content\/uploads\/2022\/10\/349A1822-scaled-e1692380765301-18x8.jpg 18w\" sizes=\"(max-width: 1000px) 100vw, 1000px\" \/>\t\t\t\t\t\t\t\t\t\t\t\t\t\t\t<\/div>\n\t\t\t\t<\/div>\n\t\t\t\t<section data-particle_enable=\"false\" data-particle-mobile-disabled=\"false\" data-exad-particle-enable=\"false\" class=\"elementor-section elementor-inner-section elementor-element elementor-element-53c9400 elementor-section-boxed elementor-section-height-default elementor-section-height-default exad-parallax-effect-no exad-background-color-change-no exad-glass-effect-no exad-sticky-section-no\" data-id=\"53c9400\" data-element_type=\"section\" data-e-type=\"section\">\n\t\t\t\t\t\t<div class=\"elementor-container elementor-column-gap-default\">\n\t\t\t\t\t<div class=\"elementor-column elementor-col-50 elementor-inner-column elementor-element elementor-element-3cc3b7b exad-glass-effect-no exad-sticky-section-no\" data-id=\"3cc3b7b\" data-element_type=\"column\" data-e-type=\"column\">\n\t\t\t<div class=\"elementor-widget-wrap elementor-element-populated\">\n\t\t\t\t\t\t<div class=\"elementor-element elementor-element-0bdc98e elementor-align-right exad-sticky-section-no exad-glass-effect-no elementor-widget elementor-widget-button\" data-id=\"0bdc98e\" data-element_type=\"widget\" data-e-type=\"widget\" data-widget_type=\"button.default\">\n\t\t\t\t<div class=\"elementor-widget-container\">\n\t\t\t\t\t\t\t\t\t<div class=\"elementor-button-wrapper\">\n\t\t\t\t\t<a class=\"elementor-button elementor-button-link elementor-size-sm\" href=\"https:\/\/karlossimon.com\/en\/karlos-simon\/\">\n\t\t\t\t\t\t<span class=\"elementor-button-content-wrapper\">\n\t\t\t\t\t\t\t\t\t<span class=\"elementor-button-text\">KARLOS SIM\u00d3N:<\/span>\n\t\t\t\t\t<\/span>\n\t\t\t\t\t<\/a>\n\t\t\t\t<\/div>\n\t\t\t\t\t\t\t\t<\/div>\n\t\t\t\t<\/div>\n\t\t\t\t\t<\/div>\n\t\t<\/div>\n\t\t\t\t<div class=\"elementor-column elementor-col-50 elementor-inner-column elementor-element elementor-element-3bab15f exad-glass-effect-no exad-sticky-section-no\" data-id=\"3bab15f\" data-element_type=\"column\" data-e-type=\"column\">\n\t\t\t<div class=\"elementor-widget-wrap elementor-element-populated\">\n\t\t\t\t\t\t<div class=\"elementor-element elementor-element-f88db6a elementor-align-left exad-sticky-section-no exad-glass-effect-no elementor-widget elementor-widget-button\" data-id=\"f88db6a\" data-element_type=\"widget\" data-e-type=\"widget\" data-widget_type=\"button.default\">\n\t\t\t\t<div class=\"elementor-widget-container\">\n\t\t\t\t\t\t\t\t\t<div class=\"elementor-button-wrapper\">\n\t\t\t\t\t<a class=\"elementor-button elementor-button-link elementor-size-sm\" href=\"https:\/\/www.youtube.com\/playlist?list=PLCUxoDoi88G8szJPo-xDLfkZfJqoe3Q8d\">\n\t\t\t\t\t\t<span class=\"elementor-button-content-wrapper\">\n\t\t\t\t\t\t\t\t\t<span class=\"elementor-button-text\">EXPERTO EN  TIBURONES<\/span>\n\t\t\t\t\t<\/span>\n\t\t\t\t\t<\/a>\n\t\t\t\t<\/div>\n\t\t\t\t\t\t\t\t<\/div>\n\t\t\t\t<\/div>\n\t\t\t\t\t<\/div>\n\t\t<\/div>\n\t\t\t\t\t<\/div>\n\t\t<\/section>\n\t\t\t\t\t<\/div>\n\t\t<\/div>\n\t\t\t\t\t<\/div>\n\t\t<\/section>\n\t\t\t\t<\/div>","protected":false},"excerpt":{"rendered":"<p>EXPERTO EN TIBURONES EXPERTO EN TIBURONES Desde mi primera inmersi\u00f3n en 1988 llevo buceando con [&hellip;]<\/p>\n","protected":false},"author":1,"featured_media":0,"parent":0,"menu_order":2,"comment_status":"closed","ping_status":"closed","template":"","meta":{"site-sidebar-layout":"no-sidebar","site-content-layout":"page-builder","ast-site-content-layout":"full-width-container","site-content-style":"unboxed","site-sidebar-style":"unboxed","ast-global-header-display":"","ast-banner-title-visibility":"","ast-main-header-display":"","ast-hfb-above-header-display":"","ast-hfb-below-header-display":"","ast-hfb-mobile-header-display":"","site-post-title":"disabled","ast-breadcrumbs-content":"","ast-featured-img":"disabled","footer-sml-layout":"","ast-disable-related-posts":"","theme-transparent-header-meta":"default","adv-header-id-meta":"","stick-header-meta":"default","header-above-stick-meta":"","header-main-stick-meta":"","header-below-stick-meta":"","astra-migrate-meta-layouts":"set","ast-page-background-enabled":"default","ast-page-background-meta":{"desktop":{"background-color":"","background-image":"","background-repeat":"repeat","background-position":"center center","background-size":"auto","background-attachment":"scroll","background-type":"","background-media":"","overlay-type":"","overlay-color":"","overlay-opacity":"","overlay-gradient":""},"tablet":{"background-color":"","background-image":"","background-repeat":"repeat","background-position":"center center","background-size":"auto","background-attachment":"scroll","background-type":"","background-media":"","overlay-type":"","overlay-color":"","overlay-opacity":"","overlay-gradient":""},"mobile":{"background-color":"","background-image":"","background-repeat":"repeat","background-position":"center center","background-size":"auto","background-attachment":"scroll","background-type":"","background-media":"","overlay-type":"","overlay-color":"","overlay-opacity":"","overlay-gradient":""}},"ast-content-background-meta":{"desktop":{"background-color":"var(--ast-global-color-5)","background-image":"","background-repeat":"repeat","background-position":"center center","background-size":"auto","background-attachment":"scroll","background-type":"","background-media":"","overlay-type":"","overlay-color":"","overlay-opacity":"","overlay-gradient":""},"tablet":{"background-color":"var(--ast-global-color-5)","background-image":"","background-repeat":"repeat","background-position":"center center","background-size":"auto","background-attachment":"scroll","background-type":"","background-media":"","overlay-type":"","overlay-color":"","overlay-opacity":"","overlay-gradient":""},"mobile":{"background-color":"var(--ast-global-color-5)","background-image":"","background-repeat":"repeat","background-position":"center center","background-size":"auto","background-attachment":"scroll","background-type":"","background-media":"","overlay-type":"","overlay-color":"","overlay-opacity":"","overlay-gradient":""}},"footnotes":""},"class_list":["post-400","page","type-page","status-publish","hentry"],"yoast_head":"<!-- This site is optimized with the Yoast SEO Premium plugin v26.3 (Yoast SEO v27.1.1) - https:\/\/yoast.com\/product\/yoast-seo-premium-wordpress\/ -->\n<title>Experto en Tiburones a nivel Mundial - Karlos Sim\u00f3n<\/title>\n<meta name=\"description\" content=\"Descubre el mundo de los tiburones con Karlos Sim\u00f3n, experto con m\u00e1s de 32 a\u00f1os de experiencia. Experto en tiburones\" \/>\n<meta name=\"robots\" content=\"index, follow, max-snippet:-1, max-image-preview:large, max-video-preview:-1\" \/>\n<link rel=\"canonical\" href=\"https:\/\/karlossimon.com\/en\/tiburones\/\" \/>\n<meta property=\"og:locale\" content=\"en_GB\" \/>\n<meta property=\"og:type\" content=\"article\" \/>\n<meta property=\"og:title\" content=\"Experto en tiburones\" \/>\n<meta property=\"og:description\" content=\"Descubre el mundo de los tiburones con Karlos Sim\u00f3n, experto con m\u00e1s de 32 a\u00f1os de experiencia. Experto en tiburones\" \/>\n<meta property=\"og:url\" content=\"https:\/\/karlossimon.com\/en\/tiburones\/\" \/>\n<meta property=\"og:site_name\" content=\"KARLOS SIM&Oacute;N\" \/>\n<meta property=\"article:modified_time\" content=\"2024-05-31T08:19:02+00:00\" \/>\n<meta property=\"og:image\" content=\"https:\/\/karlossimon.com\/wp-content\/uploads\/2022\/10\/349A1517-scaled-e1692380738247.jpg\" \/>\n<meta name=\"twitter:card\" content=\"summary_large_image\" \/>\n<meta name=\"twitter:label1\" content=\"Estimated reading time\" \/>\n\t<meta name=\"twitter:data1\" content=\"2 minutes\" \/>\n<script type=\"application\/ld+json\" class=\"yoast-schema-graph\">{\"@context\":\"https:\/\/schema.org\",\"@graph\":[{\"@type\":\"WebPage\",\"@id\":\"https:\/\/karlossimon.com\/tiburones\/\",\"url\":\"https:\/\/karlossimon.com\/tiburones\/\",\"name\":\"Experto en Tiburones a nivel Mundial - Karlos Sim\u00f3n\",\"isPartOf\":{\"@id\":\"https:\/\/karlossimon.com\/#website\"},\"primaryImageOfPage\":{\"@id\":\"https:\/\/karlossimon.com\/tiburones\/#primaryimage\"},\"image\":{\"@id\":\"https:\/\/karlossimon.com\/tiburones\/#primaryimage\"},\"thumbnailUrl\":\"https:\/\/karlossimon.com\/wp-content\/uploads\/2022\/10\/349A1517-scaled-e1692380738247.jpg\",\"datePublished\":\"2022-08-03T10:43:25+00:00\",\"dateModified\":\"2024-05-31T08:19:02+00:00\",\"description\":\"Descubre el mundo de los tiburones con Karlos Sim\u00f3n, experto con m\u00e1s de 32 a\u00f1os de experiencia. Experto en tiburones\",\"breadcrumb\":{\"@id\":\"https:\/\/karlossimon.com\/tiburones\/#breadcrumb\"},\"inLanguage\":\"en-GB\",\"potentialAction\":[{\"@type\":\"ReadAction\",\"target\":[\"https:\/\/karlossimon.com\/tiburones\/\"]}]},{\"@type\":\"ImageObject\",\"inLanguage\":\"en-GB\",\"@id\":\"https:\/\/karlossimon.com\/tiburones\/#primaryimage\",\"url\":\"https:\/\/karlossimon.com\/wp-content\/uploads\/2022\/10\/349A1517-scaled-e1692380738247.jpg\",\"contentUrl\":\"https:\/\/karlossimon.com\/wp-content\/uploads\/2022\/10\/349A1517-scaled-e1692380738247.jpg\"},{\"@type\":\"BreadcrumbList\",\"@id\":\"https:\/\/karlossimon.com\/tiburones\/#breadcrumb\",\"itemListElement\":[{\"@type\":\"ListItem\",\"position\":1,\"name\":\"Portada\",\"item\":\"https:\/\/karlossimon.com\/\"},{\"@type\":\"ListItem\",\"position\":2,\"name\":\"Experto en tiburones\"}]},{\"@type\":\"WebSite\",\"@id\":\"https:\/\/karlossimon.com\/#website\",\"url\":\"https:\/\/karlossimon.com\/\",\"name\":\"KARLOS SIM&Oacute;N\",\"description\":\"\",\"publisher\":{\"@id\":\"https:\/\/karlossimon.com\/#organization\"},\"potentialAction\":[{\"@type\":\"SearchAction\",\"target\":{\"@type\":\"EntryPoint\",\"urlTemplate\":\"https:\/\/karlossimon.com\/?s={search_term_string}\"},\"query-input\":{\"@type\":\"PropertyValueSpecification\",\"valueRequired\":true,\"valueName\":\"search_term_string\"}}],\"inLanguage\":\"en-GB\"},{\"@type\":\"Organization\",\"@id\":\"https:\/\/karlossimon.com\/#organization\",\"name\":\"KARLOS SIM&Oacute;N\",\"url\":\"https:\/\/karlossimon.com\/\",\"logo\":{\"@type\":\"ImageObject\",\"inLanguage\":\"en-GB\",\"@id\":\"https:\/\/karlossimon.com\/#\/schema\/logo\/image\/\",\"url\":\"https:\/\/karlossimon.com\/wp-content\/uploads\/2022\/08\/Recurso-15.png\",\"contentUrl\":\"https:\/\/karlossimon.com\/wp-content\/uploads\/2022\/08\/Recurso-15.png\",\"width\":755,\"height\":976,\"caption\":\"KARLOS SIM&Oacute;N \"},\"image\":{\"@id\":\"https:\/\/karlossimon.com\/#\/schema\/logo\/image\/\"}}]}<\/script>\n<!-- \/ Yoast SEO Premium plugin. -->","yoast_head_json":{"title":"Experto en Tiburones a nivel Mundial - Karlos Sim\u00f3n","description":"Descubre el mundo de los tiburones con Karlos Sim\u00f3n, experto con m\u00e1s de 32 a\u00f1os de experiencia. Experto en tiburones","robots":{"index":"index","follow":"follow","max-snippet":"max-snippet:-1","max-image-preview":"max-image-preview:large","max-video-preview":"max-video-preview:-1"},"canonical":"https:\/\/karlossimon.com\/en\/tiburones\/","og_locale":"en_GB","og_type":"article","og_title":"Experto en tiburones","og_description":"Descubre el mundo de los tiburones con Karlos Sim\u00f3n, experto con m\u00e1s de 32 a\u00f1os de experiencia. Experto en tiburones","og_url":"https:\/\/karlossimon.com\/en\/tiburones\/","og_site_name":"KARLOS SIM&Oacute;N","article_modified_time":"2024-05-31T08:19:02+00:00","og_image":[{"url":"https:\/\/karlossimon.com\/wp-content\/uploads\/2022\/10\/349A1517-scaled-e1692380738247.jpg","type":"","width":"","height":""}],"twitter_card":"summary_large_image","twitter_misc":{"Estimated reading time":"2 minutes"},"schema":{"@context":"https:\/\/schema.org","@graph":[{"@type":"WebPage","@id":"https:\/\/karlossimon.com\/tiburones\/","url":"https:\/\/karlossimon.com\/tiburones\/","name":"Experto en Tiburones a nivel Mundial - Karlos Sim\u00f3n","isPartOf":{"@id":"https:\/\/karlossimon.com\/#website"},"primaryImageOfPage":{"@id":"https:\/\/karlossimon.com\/tiburones\/#primaryimage"},"image":{"@id":"https:\/\/karlossimon.com\/tiburones\/#primaryimage"},"thumbnailUrl":"https:\/\/karlossimon.com\/wp-content\/uploads\/2022\/10\/349A1517-scaled-e1692380738247.jpg","datePublished":"2022-08-03T10:43:25+00:00","dateModified":"2024-05-31T08:19:02+00:00","description":"Descubre el mundo de los tiburones con Karlos Sim\u00f3n, experto con m\u00e1s de 32 a\u00f1os de experiencia. Experto en tiburones","breadcrumb":{"@id":"https:\/\/karlossimon.com\/tiburones\/#breadcrumb"},"inLanguage":"en-GB","potentialAction":[{"@type":"ReadAction","target":["https:\/\/karlossimon.com\/tiburones\/"]}]},{"@type":"ImageObject","inLanguage":"en-GB","@id":"https:\/\/karlossimon.com\/tiburones\/#primaryimage","url":"https:\/\/karlossimon.com\/wp-content\/uploads\/2022\/10\/349A1517-scaled-e1692380738247.jpg","contentUrl":"https:\/\/karlossimon.com\/wp-content\/uploads\/2022\/10\/349A1517-scaled-e1692380738247.jpg"},{"@type":"BreadcrumbList","@id":"https:\/\/karlossimon.com\/tiburones\/#breadcrumb","itemListElement":[{"@type":"ListItem","position":1,"name":"Portada","item":"https:\/\/karlossimon.com\/"},{"@type":"ListItem","position":2,"name":"Experto en tiburones"}]},{"@type":"WebSite","@id":"https:\/\/karlossimon.com\/#website","url":"https:\/\/karlossimon.com\/","name":"KARLOS SIMON","description":"","publisher":{"@id":"https:\/\/karlossimon.com\/#organization"},"potentialAction":[{"@type":"SearchAction","target":{"@type":"EntryPoint","urlTemplate":"https:\/\/karlossimon.com\/?s={search_term_string}"},"query-input":{"@type":"PropertyValueSpecification","valueRequired":true,"valueName":"search_term_string"}}],"inLanguage":"en-GB"},{"@type":"Organization","@id":"https:\/\/karlossimon.com\/#organization","name":"KARLOS SIMON","url":"https:\/\/karlossimon.com\/","logo":{"@type":"ImageObject","inLanguage":"en-GB","@id":"https:\/\/karlossimon.com\/#\/schema\/logo\/image\/","url":"https:\/\/karlossimon.com\/wp-content\/uploads\/2022\/08\/Recurso-15.png","contentUrl":"https:\/\/karlossimon.com\/wp-content\/uploads\/2022\/08\/Recurso-15.png","width":755,"height":976,"caption":"KARLOS SIM&Oacute;N "},"image":{"@id":"https:\/\/karlossimon.com\/#\/schema\/logo\/image\/"}}]}},"_links":{"self":[{"href":"https:\/\/karlossimon.com\/en\/wp-json\/wp\/v2\/pages\/400","targetHints":{"allow":["GET"]}}],"collection":[{"href":"https:\/\/karlossimon.com\/en\/wp-json\/wp\/v2\/pages"}],"about":[{"href":"https:\/\/karlossimon.com\/en\/wp-json\/wp\/v2\/types\/page"}],"author":[{"embeddable":true,"href":"https:\/\/karlossimon.com\/en\/wp-json\/wp\/v2\/users\/1"}],"replies":[{"embeddable":true,"href":"https:\/\/karlossimon.com\/en\/wp-json\/wp\/v2\/comments?post=400"}],"version-history":[{"count":105,"href":"https:\/\/karlossimon.com\/en\/wp-json\/wp\/v2\/pages\/400\/revisions"}],"predecessor-version":[{"id":13243,"href":"https:\/\/karlossimon.com\/en\/wp-json\/wp\/v2\/pages\/400\/revisions\/13243"}],"wp:attachment":[{"href":"https:\/\/karlossimon.com\/en\/wp-json\/wp\/v2\/media?parent=400"}],"curies":[{"name":"wp","href":"https:\/\/api.w.org\/{rel}","templated":true}]}}