{"id":404,"date":"2022-08-03T12:43:57","date_gmt":"2022-08-03T10:43:57","guid":{"rendered":"https:\/\/karlossimon.com\/?page_id=404"},"modified":"2024-05-31T11:13:07","modified_gmt":"2024-05-31T09:13:07","slug":"motivacion","status":"publish","type":"page","link":"https:\/\/karlossimon.com\/en\/motivacion\/","title":{"rendered":"Charlas Motivaci\u00f3n"},"content":{"rendered":"<div data-elementor-type=\"wp-page\" data-elementor-id=\"404\" class=\"elementor elementor-404\" data-elementor-post-type=\"page\">\n\t\t\t\t\t\t<section data-particle_enable=\"false\" data-particle-mobile-disabled=\"false\" data-exad-particle-enable=\"false\" class=\"elementor-section elementor-top-section elementor-element elementor-element-21439bb elementor-section-height-min-height elementor-section-boxed elementor-section-height-default elementor-section-items-middle exad-parallax-effect-no exad-background-color-change-no exad-glass-effect-no exad-sticky-section-no\" data-id=\"21439bb\" data-element_type=\"section\" data-e-type=\"section\" data-settings=\"{&quot;background_background&quot;:&quot;classic&quot;}\">\n\t\t\t\t\t\t<div class=\"elementor-container elementor-column-gap-default\">\n\t\t\t\t\t<div class=\"elementor-column elementor-col-100 elementor-top-column elementor-element elementor-element-992a08c exad-glass-effect-no exad-sticky-section-no\" data-id=\"992a08c\" data-element_type=\"column\" data-e-type=\"column\" data-settings=\"{&quot;background_background&quot;:&quot;classic&quot;}\">\n\t\t\t<div class=\"elementor-widget-wrap elementor-element-populated\">\n\t\t\t\t\t<div class=\"elementor-background-overlay\"><\/div>\n\t\t\t\t\t\t<div class=\"elementor-element elementor-element-b1771e1 elementor-hidden-mobile exad-sticky-section-no exad-glass-effect-no elementor-widget elementor-widget-heading\" data-id=\"b1771e1\" data-element_type=\"widget\" data-e-type=\"widget\" data-widget_type=\"heading.default\">\n\t\t\t\t<div class=\"elementor-widget-container\">\n\t\t\t\t\t<h1 class=\"elementor-heading-title elementor-size-xxl\">MOTIVATIONAL TALKS<\/h1>\t\t\t\t<\/div>\n\t\t\t\t<\/div>\n\t\t\t\t<div class=\"elementor-element elementor-element-d9b868c elementor-hidden-desktop elementor-hidden-tablet exad-sticky-section-no exad-glass-effect-no elementor-widget elementor-widget-heading\" data-id=\"d9b868c\" data-element_type=\"widget\" data-e-type=\"widget\" data-widget_type=\"heading.default\">\n\t\t\t\t<div class=\"elementor-widget-container\">\n\t\t\t\t\t<h2 class=\"elementor-heading-title elementor-size-xl\">MOTIVATIONAL TALKS<\/h2>\t\t\t\t<\/div>\n\t\t\t\t<\/div>\n\t\t\t\t\t<\/div>\n\t\t<\/div>\n\t\t\t\t\t<\/div>\n\t\t<\/section>\n\t\t\t\t<section data-particle_enable=\"false\" data-particle-mobile-disabled=\"false\" data-exad-particle-enable=\"false\" class=\"elementor-section elementor-top-section elementor-element elementor-element-ecf364f elementor-section-boxed elementor-section-height-default elementor-section-height-default exad-parallax-effect-no exad-background-color-change-no exad-glass-effect-no exad-sticky-section-no\" data-id=\"ecf364f\" data-element_type=\"section\" data-e-type=\"section\">\n\t\t\t\t\t\t<div class=\"elementor-container elementor-column-gap-default\">\n\t\t\t\t\t<div class=\"elementor-column elementor-col-100 elementor-top-column elementor-element elementor-element-362aab8 exad-glass-effect-no exad-sticky-section-no\" data-id=\"362aab8\" data-element_type=\"column\" data-e-type=\"column\">\n\t\t\t<div class=\"elementor-widget-wrap elementor-element-populated\">\n\t\t\t\t\t\t<div class=\"elementor-element elementor-element-329cd3a exad-sticky-section-no exad-glass-effect-no elementor-widget elementor-widget-spacer\" data-id=\"329cd3a\" data-element_type=\"widget\" data-e-type=\"widget\" data-widget_type=\"spacer.default\">\n\t\t\t\t<div class=\"elementor-widget-container\">\n\t\t\t\t\t\t\t<div class=\"elementor-spacer\">\n\t\t\t<div class=\"elementor-spacer-inner\"><\/div>\n\t\t<\/div>\n\t\t\t\t\t\t<\/div>\n\t\t\t\t<\/div>\n\t\t\t\t<div class=\"elementor-element elementor-element-7bc3365 exad-sticky-section-no exad-glass-effect-no elementor-widget elementor-widget-text-editor\" data-id=\"7bc3365\" data-element_type=\"widget\" data-e-type=\"widget\" data-widget_type=\"text-editor.default\">\n\t\t\t\t<div class=\"elementor-widget-container\">\n\t\t\t\t\t\t\t\t\t<p style=\"text-align: center;\">Para m\u00ed, la clave de todo est\u00e1 en saber disfrutar de la vida en cada instante y aprender de cada una de mis experiencias de buceo, sea buena&#8230; o mala. Estar dispuesto a cambiar, adaptarse a las situaciones y buscar siempre el punto positivo de las cosas te llevar\u00e1 sin duda a conseguir el \u00e9xito y la felicidad.<\/p>\t\t\t\t\t\t\t\t<\/div>\n\t\t\t\t<\/div>\n\t\t\t\t<div class=\"elementor-element elementor-element-ba5ef7c exad-sticky-section-no exad-glass-effect-no elementor-widget elementor-widget-image\" data-id=\"ba5ef7c\" data-element_type=\"widget\" data-e-type=\"widget\" data-widget_type=\"image.default\">\n\t\t\t\t<div class=\"elementor-widget-container\">\n\t\t\t\t\t\t\t\t\t\t\t\t\t\t\t<img fetchpriority=\"high\" decoding=\"async\" width=\"1920\" height=\"640\" src=\"https:\/\/karlossimon.com\/wp-content\/uploads\/2023\/02\/2.png\" class=\"attachment-full size-full wp-image-9505\" alt=\"experiencias de buceo\" srcset=\"https:\/\/karlossimon.com\/wp-content\/uploads\/2023\/02\/2.png 1920w, https:\/\/karlossimon.com\/wp-content\/uploads\/2023\/02\/2-300x100.png 300w, https:\/\/karlossimon.com\/wp-content\/uploads\/2023\/02\/2-1024x341.png 1024w, https:\/\/karlossimon.com\/wp-content\/uploads\/2023\/02\/2-768x256.png 768w, https:\/\/karlossimon.com\/wp-content\/uploads\/2023\/02\/2-1536x512.png 1536w, https:\/\/karlossimon.com\/wp-content\/uploads\/2023\/02\/2-600x200.png 600w\" sizes=\"(max-width: 1920px) 100vw, 1920px\" \/>\t\t\t\t\t\t\t\t\t\t\t\t\t\t\t<\/div>\n\t\t\t\t<\/div>\n\t\t\t\t<div class=\"elementor-element elementor-element-caae4fd exad-sticky-section-no exad-glass-effect-no elementor-widget elementor-widget-text-editor\" data-id=\"caae4fd\" data-element_type=\"widget\" data-e-type=\"widget\" data-widget_type=\"text-editor.default\">\n\t\t\t\t<div class=\"elementor-widget-container\">\n\t\t\t\t\t\t\t\t\t<p>Mis experiencias de buceo, sobre todo haciendo inmersiones con grandes tiburones o descensos profundos para filmar barcos hundidos, me ha dado conocimientos en muchas y muy variadas situaciones que pueden ser aplicables a la vida en general, y especialmente, al mundo empresarial. Cada inmersi\u00f3n es \u00fanica y requiere de esfuerzos y habilidades comparables a las necesarias para llevar adelante toda clase de proyectos.<\/p><p>I have done many of these dives in remote places, with difficult access, very strong currents, sometimes very risky due to the depth or the species of shark, facing situations and adventures that can surely serve as an example as tools for personal and professional improvement for achieve the proposed objectives and not succumb to fear.<\/p><p>Decision making in extreme situations, not giving up in the face of adversity, managing different types of fears, courage and determination for change, are part of the content of my motivational talks, in which I include one of my latest \"adventures\":\u00a0<strong><a href=\"https:\/\/karlossimon.com\/en\/general\/positivo-en-covid-19-una-realidad-dificil-de-asimilar\/\">my time through COVID-19<\/a><\/strong>, something very different that I have had to live and a true exercise in resilience.<\/p>\t\t\t\t\t\t\t\t<\/div>\n\t\t\t\t<\/div>\n\t\t\t\t\t<\/div>\n\t\t<\/div>\n\t\t\t\t\t<\/div>\n\t\t<\/section>\n\t\t\t\t<section data-particle_enable=\"false\" data-particle-mobile-disabled=\"false\" data-exad-particle-enable=\"false\" class=\"elementor-section elementor-top-section elementor-element elementor-element-3bafead elementor-section-boxed elementor-section-height-default elementor-section-height-default exad-parallax-effect-no exad-background-color-change-no exad-glass-effect-no exad-sticky-section-no\" data-id=\"3bafead\" data-element_type=\"section\" data-e-type=\"section\">\n\t\t\t\t\t\t<div class=\"elementor-container elementor-column-gap-default\">\n\t\t\t\t\t<div class=\"elementor-column elementor-col-100 elementor-top-column elementor-element elementor-element-949c0af exad-glass-effect-no exad-sticky-section-no\" data-id=\"949c0af\" data-element_type=\"column\" data-e-type=\"column\">\n\t\t\t<div class=\"elementor-widget-wrap elementor-element-populated\">\n\t\t\t\t\t\t<div class=\"elementor-element elementor-element-7cadbfc exad-sticky-section-no exad-glass-effect-no elementor-widget elementor-widget-eael-logo-carousel\" data-id=\"7cadbfc\" data-element_type=\"widget\" data-e-type=\"widget\" data-settings=\"{&quot;items&quot;:{&quot;unit&quot;:&quot;px&quot;,&quot;size&quot;:3,&quot;sizes&quot;:[]},&quot;items_tablet&quot;:{&quot;unit&quot;:&quot;px&quot;,&quot;size&quot;:2,&quot;sizes&quot;:[]},&quot;items_mobile&quot;:{&quot;unit&quot;:&quot;px&quot;,&quot;size&quot;:1,&quot;sizes&quot;:[]}}\" data-widget_type=\"eael-logo-carousel.default\">\n\t\t\t\t<div class=\"elementor-widget-container\">\n\t\t\t\t\t        <div class=\"swiper-container-wrap eael-logo-carousel-wrap swiper-container-wrap-dots-outside\">\n            <div class=\"swiper swiper-8 eael-logo-carousel swiper-container-7cadbfc\" data-pagination=\".swiper-pagination-7cadbfc\" data-arrow-next=\".swiper-button-next-7cadbfc\" data-arrow-prev=\".swiper-button-prev-7cadbfc\" data-items-mobile=\"1\" data-items-tablet=\"2\" data-items=\"3\" data-margin=\"10\" data-effect=\"slide\" data-speed=\"400\" data-autoplay=\"2000\" data-loop=\"1\">\n                <div class=\"swiper-wrapper\">\n\t\t\t\t\t                            <div class=\"swiper-slide\">\n                                <div class=\"eael-lc-logo-wrap\">\n\t\t\t\t\t\t\t\t\t                                    <div id=\"eael-lc-logo-1b42627\" class=\"eael-lc-logo\">\n\t\t\t\t\t\t\t\t\t\t<img decoding=\"async\" class=\"eael-lc-img-src\" src=\"https:\/\/karlossimon.com\/wp-content\/uploads\/2022\/10\/MegaLogoG.webp\" alt=\"\">                                    <\/div>\n\t\t\t\t\t\t\t\t\t                                <\/div>\n                            <\/div>\n\t\t\t\t\t\t                            <div class=\"swiper-slide\">\n                                <div class=\"eael-lc-logo-wrap\">\n\t\t\t\t\t\t\t\t\t                                    <div id=\"eael-lc-logo-03aa06c\" class=\"eael-lc-logo\">\n\t\t\t\t\t\t\t\t\t\t<img decoding=\"async\" class=\"eael-lc-img-src\" src=\"https:\/\/karlossimon.com\/wp-content\/uploads\/2022\/10\/logotipo-nim.svg\" alt=\"\">                                    <\/div>\n\t\t\t\t\t\t\t\t\t                                <\/div>\n                            <\/div>\n\t\t\t\t\t\t                            <div class=\"swiper-slide\">\n                                <div class=\"eael-lc-logo-wrap\">\n\t\t\t\t\t\t\t\t\t                                    <div id=\"eael-lc-logo-d7d2339\" class=\"eael-lc-logo\">\n\t\t\t\t\t\t\t\t\t\t<a href=\"https:\/\/www.youtube.com\/watch?v=6Aamyw4lni4\"><img decoding=\"async\" class=\"eael-lc-img-src\" src=\"https:\/\/karlossimon.com\/wp-content\/uploads\/2022\/10\/tedx-logo.png\" alt=\"\"><\/a>                                    <\/div>\n\t\t\t\t\t\t\t\t\t                                <\/div>\n                            <\/div>\n\t\t\t\t\t\t                <\/div>\n            <\/div>\n\t\t\t            <!-- Add Pagination -->\n            <div class=\"swiper-pagination swiper-pagination-7cadbfc\"><\/div>\n\t\t        <\/div>\n\t\t\t\t\t\t<\/div>\n\t\t\t\t<\/div>\n\t\t\t\t\t<\/div>\n\t\t<\/div>\n\t\t\t\t\t<\/div>\n\t\t<\/section>\n\t\t\t\t<\/div>","protected":false},"excerpt":{"rendered":"<p>CHARLAS DE MOTIVACI\u00d3N CHARLAS DE MOTIVACI\u00d3N Para m\u00ed, la clave\u00a0de todo est\u00e1 en\u00a0saber disfrutar de [&hellip;]<\/p>\n","protected":false},"author":1,"featured_media":0,"parent":0,"menu_order":5,"comment_status":"closed","ping_status":"closed","template":"","meta":{"site-sidebar-layout":"no-sidebar","site-content-layout":"page-builder","ast-site-content-layout":"full-width-container","site-content-style":"unboxed","site-sidebar-style":"unboxed","ast-global-header-display":"","ast-banner-title-visibility":"","ast-main-header-display":"","ast-hfb-above-header-display":"","ast-hfb-below-header-display":"","ast-hfb-mobile-header-display":"","site-post-title":"disabled","ast-breadcrumbs-content":"","ast-featured-img":"disabled","footer-sml-layout":"","ast-disable-related-posts":"","theme-transparent-header-meta":"default","adv-header-id-meta":"","stick-header-meta":"default","header-above-stick-meta":"","header-main-stick-meta":"","header-below-stick-meta":"","astra-migrate-meta-layouts":"set","ast-page-background-enabled":"default","ast-page-background-meta":{"desktop":{"background-color":"","background-image":"","background-repeat":"repeat","background-position":"center center","background-size":"auto","background-attachment":"scroll","background-type":"","background-media":"","overlay-type":"","overlay-color":"","overlay-opacity":"","overlay-gradient":""},"tablet":{"background-color":"","background-image":"","background-repeat":"repeat","background-position":"center center","background-size":"auto","background-attachment":"scroll","background-type":"","background-media":"","overlay-type":"","overlay-color":"","overlay-opacity":"","overlay-gradient":""},"mobile":{"background-color":"","background-image":"","background-repeat":"repeat","background-position":"center center","background-size":"auto","background-attachment":"scroll","background-type":"","background-media":"","overlay-type":"","overlay-color":"","overlay-opacity":"","overlay-gradient":""}},"ast-content-background-meta":{"desktop":{"background-color":"var(--ast-global-color-5)","background-image":"","background-repeat":"repeat","background-position":"center center","background-size":"auto","background-attachment":"scroll","background-type":"","background-media":"","overlay-type":"","overlay-color":"","overlay-opacity":"","overlay-gradient":""},"tablet":{"background-color":"var(--ast-global-color-5)","background-image":"","background-repeat":"repeat","background-position":"center center","background-size":"auto","background-attachment":"scroll","background-type":"","background-media":"","overlay-type":"","overlay-color":"","overlay-opacity":"","overlay-gradient":""},"mobile":{"background-color":"var(--ast-global-color-5)","background-image":"","background-repeat":"repeat","background-position":"center center","background-size":"auto","background-attachment":"scroll","background-type":"","background-media":"","overlay-type":"","overlay-color":"","overlay-opacity":"","overlay-gradient":""}},"footnotes":""},"class_list":["post-404","page","type-page","status-publish","hentry"],"yoast_head":"<!-- This site is optimized with the Yoast SEO Premium plugin v26.3 (Yoast SEO v27.1.1) - https:\/\/yoast.com\/product\/yoast-seo-premium-wordpress\/ -->\n<title>Experiencias de Buceo y Superaci\u00f3n<\/title>\n<meta name=\"description\" content=\"Las experiencias de buceo con tiburones \u00fanicas de Karlos Sim\u00f3n se traducen en lecciones de superaci\u00f3n personal y profesional.\" \/>\n<meta name=\"robots\" content=\"index, follow, max-snippet:-1, max-image-preview:large, max-video-preview:-1\" \/>\n<link rel=\"canonical\" href=\"https:\/\/karlossimon.com\/en\/motivacion\/\" \/>\n<meta property=\"og:locale\" content=\"en_GB\" \/>\n<meta property=\"og:type\" content=\"article\" \/>\n<meta property=\"og:title\" content=\"Charlas Motivaci\u00f3n\" \/>\n<meta property=\"og:description\" content=\"Las experiencias de buceo con tiburones \u00fanicas de Karlos Sim\u00f3n se traducen en lecciones de superaci\u00f3n personal y profesional.\" \/>\n<meta property=\"og:url\" content=\"https:\/\/karlossimon.com\/en\/motivacion\/\" \/>\n<meta property=\"og:site_name\" content=\"KARLOS SIM&Oacute;N\" \/>\n<meta property=\"article:modified_time\" content=\"2024-05-31T09:13:07+00:00\" \/>\n<meta property=\"og:image\" content=\"https:\/\/karlossimon.com\/wp-content\/uploads\/2023\/02\/2.png\" \/>\n<meta name=\"twitter:card\" content=\"summary_large_image\" \/>\n<meta name=\"twitter:label1\" content=\"Estimated reading time\" \/>\n\t<meta name=\"twitter:data1\" content=\"2 minutes\" \/>\n<script type=\"application\/ld+json\" class=\"yoast-schema-graph\">{\"@context\":\"https:\/\/schema.org\",\"@graph\":[{\"@type\":\"WebPage\",\"@id\":\"https:\/\/karlossimon.com\/motivacion\/\",\"url\":\"https:\/\/karlossimon.com\/motivacion\/\",\"name\":\"Experiencias de Buceo y Superaci\u00f3n\",\"isPartOf\":{\"@id\":\"https:\/\/karlossimon.com\/#website\"},\"primaryImageOfPage\":{\"@id\":\"https:\/\/karlossimon.com\/motivacion\/#primaryimage\"},\"image\":{\"@id\":\"https:\/\/karlossimon.com\/motivacion\/#primaryimage\"},\"thumbnailUrl\":\"https:\/\/karlossimon.com\/wp-content\/uploads\/2023\/02\/2.png\",\"datePublished\":\"2022-08-03T10:43:57+00:00\",\"dateModified\":\"2024-05-31T09:13:07+00:00\",\"description\":\"Las experiencias de buceo con tiburones \u00fanicas de Karlos Sim\u00f3n se traducen en lecciones de superaci\u00f3n personal y profesional.\",\"breadcrumb\":{\"@id\":\"https:\/\/karlossimon.com\/motivacion\/#breadcrumb\"},\"inLanguage\":\"en-GB\",\"potentialAction\":[{\"@type\":\"ReadAction\",\"target\":[\"https:\/\/karlossimon.com\/motivacion\/\"]}]},{\"@type\":\"ImageObject\",\"inLanguage\":\"en-GB\",\"@id\":\"https:\/\/karlossimon.com\/motivacion\/#primaryimage\",\"url\":\"https:\/\/karlossimon.com\/wp-content\/uploads\/2023\/02\/2.png\",\"contentUrl\":\"https:\/\/karlossimon.com\/wp-content\/uploads\/2023\/02\/2.png\"},{\"@type\":\"BreadcrumbList\",\"@id\":\"https:\/\/karlossimon.com\/motivacion\/#breadcrumb\",\"itemListElement\":[{\"@type\":\"ListItem\",\"position\":1,\"name\":\"Portada\",\"item\":\"https:\/\/karlossimon.com\/\"},{\"@type\":\"ListItem\",\"position\":2,\"name\":\"Charlas Motivaci\u00f3n\"}]},{\"@type\":\"WebSite\",\"@id\":\"https:\/\/karlossimon.com\/#website\",\"url\":\"https:\/\/karlossimon.com\/\",\"name\":\"KARLOS SIM&Oacute;N\",\"description\":\"\",\"publisher\":{\"@id\":\"https:\/\/karlossimon.com\/#organization\"},\"potentialAction\":[{\"@type\":\"SearchAction\",\"target\":{\"@type\":\"EntryPoint\",\"urlTemplate\":\"https:\/\/karlossimon.com\/?s={search_term_string}\"},\"query-input\":{\"@type\":\"PropertyValueSpecification\",\"valueRequired\":true,\"valueName\":\"search_term_string\"}}],\"inLanguage\":\"en-GB\"},{\"@type\":\"Organization\",\"@id\":\"https:\/\/karlossimon.com\/#organization\",\"name\":\"KARLOS SIM&Oacute;N\",\"url\":\"https:\/\/karlossimon.com\/\",\"logo\":{\"@type\":\"ImageObject\",\"inLanguage\":\"en-GB\",\"@id\":\"https:\/\/karlossimon.com\/#\/schema\/logo\/image\/\",\"url\":\"https:\/\/karlossimon.com\/wp-content\/uploads\/2022\/08\/Recurso-15.png\",\"contentUrl\":\"https:\/\/karlossimon.com\/wp-content\/uploads\/2022\/08\/Recurso-15.png\",\"width\":755,\"height\":976,\"caption\":\"KARLOS SIM&Oacute;N \"},\"image\":{\"@id\":\"https:\/\/karlossimon.com\/#\/schema\/logo\/image\/\"}}]}<\/script>\n<!-- \/ Yoast SEO Premium plugin. -->","yoast_head_json":{"title":"Experiencias de Buceo y Superaci\u00f3n","description":"Las experiencias de buceo con tiburones \u00fanicas de Karlos Sim\u00f3n se traducen en lecciones de superaci\u00f3n personal y profesional.","robots":{"index":"index","follow":"follow","max-snippet":"max-snippet:-1","max-image-preview":"max-image-preview:large","max-video-preview":"max-video-preview:-1"},"canonical":"https:\/\/karlossimon.com\/en\/motivacion\/","og_locale":"en_GB","og_type":"article","og_title":"Charlas Motivaci\u00f3n","og_description":"Las experiencias de buceo con tiburones \u00fanicas de Karlos Sim\u00f3n se traducen en lecciones de superaci\u00f3n personal y profesional.","og_url":"https:\/\/karlossimon.com\/en\/motivacion\/","og_site_name":"KARLOS SIM&Oacute;N","article_modified_time":"2024-05-31T09:13:07+00:00","og_image":[{"url":"https:\/\/karlossimon.com\/wp-content\/uploads\/2023\/02\/2.png","type":"","width":"","height":""}],"twitter_card":"summary_large_image","twitter_misc":{"Estimated reading time":"2 minutes"},"schema":{"@context":"https:\/\/schema.org","@graph":[{"@type":"WebPage","@id":"https:\/\/karlossimon.com\/motivacion\/","url":"https:\/\/karlossimon.com\/motivacion\/","name":"Experiencias de Buceo y Superaci\u00f3n","isPartOf":{"@id":"https:\/\/karlossimon.com\/#website"},"primaryImageOfPage":{"@id":"https:\/\/karlossimon.com\/motivacion\/#primaryimage"},"image":{"@id":"https:\/\/karlossimon.com\/motivacion\/#primaryimage"},"thumbnailUrl":"https:\/\/karlossimon.com\/wp-content\/uploads\/2023\/02\/2.png","datePublished":"2022-08-03T10:43:57+00:00","dateModified":"2024-05-31T09:13:07+00:00","description":"Las experiencias de buceo con tiburones \u00fanicas de Karlos Sim\u00f3n se traducen en lecciones de superaci\u00f3n personal y profesional.","breadcrumb":{"@id":"https:\/\/karlossimon.com\/motivacion\/#breadcrumb"},"inLanguage":"en-GB","potentialAction":[{"@type":"ReadAction","target":["https:\/\/karlossimon.com\/motivacion\/"]}]},{"@type":"ImageObject","inLanguage":"en-GB","@id":"https:\/\/karlossimon.com\/motivacion\/#primaryimage","url":"https:\/\/karlossimon.com\/wp-content\/uploads\/2023\/02\/2.png","contentUrl":"https:\/\/karlossimon.com\/wp-content\/uploads\/2023\/02\/2.png"},{"@type":"BreadcrumbList","@id":"https:\/\/karlossimon.com\/motivacion\/#breadcrumb","itemListElement":[{"@type":"ListItem","position":1,"name":"Portada","item":"https:\/\/karlossimon.com\/"},{"@type":"ListItem","position":2,"name":"Charlas Motivaci\u00f3n"}]},{"@type":"WebSite","@id":"https:\/\/karlossimon.com\/#website","url":"https:\/\/karlossimon.com\/","name":"KARLOS SIMON","description":"","publisher":{"@id":"https:\/\/karlossimon.com\/#organization"},"potentialAction":[{"@type":"SearchAction","target":{"@type":"EntryPoint","urlTemplate":"https:\/\/karlossimon.com\/?s={search_term_string}"},"query-input":{"@type":"PropertyValueSpecification","valueRequired":true,"valueName":"search_term_string"}}],"inLanguage":"en-GB"},{"@type":"Organization","@id":"https:\/\/karlossimon.com\/#organization","name":"KARLOS SIMON","url":"https:\/\/karlossimon.com\/","logo":{"@type":"ImageObject","inLanguage":"en-GB","@id":"https:\/\/karlossimon.com\/#\/schema\/logo\/image\/","url":"https:\/\/karlossimon.com\/wp-content\/uploads\/2022\/08\/Recurso-15.png","contentUrl":"https:\/\/karlossimon.com\/wp-content\/uploads\/2022\/08\/Recurso-15.png","width":755,"height":976,"caption":"KARLOS SIM&Oacute;N "},"image":{"@id":"https:\/\/karlossimon.com\/#\/schema\/logo\/image\/"}}]}},"_links":{"self":[{"href":"https:\/\/karlossimon.com\/en\/wp-json\/wp\/v2\/pages\/404","targetHints":{"allow":["GET"]}}],"collection":[{"href":"https:\/\/karlossimon.com\/en\/wp-json\/wp\/v2\/pages"}],"about":[{"href":"https:\/\/karlossimon.com\/en\/wp-json\/wp\/v2\/types\/page"}],"author":[{"embeddable":true,"href":"https:\/\/karlossimon.com\/en\/wp-json\/wp\/v2\/users\/1"}],"replies":[{"embeddable":true,"href":"https:\/\/karlossimon.com\/en\/wp-json\/wp\/v2\/comments?post=404"}],"version-history":[{"count":75,"href":"https:\/\/karlossimon.com\/en\/wp-json\/wp\/v2\/pages\/404\/revisions"}],"predecessor-version":[{"id":13283,"href":"https:\/\/karlossimon.com\/en\/wp-json\/wp\/v2\/pages\/404\/revisions\/13283"}],"wp:attachment":[{"href":"https:\/\/karlossimon.com\/en\/wp-json\/wp\/v2\/media?parent=404"}],"curies":[{"name":"wp","href":"https:\/\/api.w.org\/{rel}","templated":true}]}}